{"id":5158,"date":"2018-12-07T08:37:04","date_gmt":"2018-12-07T13:37:04","guid":{"rendered":"https:\/\/cafi-icpa.ca\/medias\/"},"modified":"2022-05-11T11:26:45","modified_gmt":"2022-05-11T15:26:45","slug":"medias","status":"publish","type":"page","link":"https:\/\/cafi-icpa.ca\/en\/medias\/","title":{"rendered":"Media"},"content":{"rendered":"<div class=\"wpb-content-wrapper\">[mk_page_section bg_image=&#8221;https:\/\/cafi-icpa.ca\/wp-content\/uploads\/dsc_4652-opt.jpg&#8221; bg_color=&#8221;rgba(123,123,123,0.48)&#8221; blend_mode=&#8221;multiply&#8221; bg_repeat=&#8221;no-repeat&#8221; bg_stretch=&#8221;true&#8221; video_opacity=&#8221;0&#8243; js_vertical_centered=&#8221;true&#8221; padding_top=&#8221;0&#8243; padding_bottom=&#8221;140&#8243; sidebar=&#8221;sidebar-1&#8243;][vc_column width=&#8221;1\/2&#8243;][mk_padding_divider size=&#8221;60&#8243; visibility=&#8221;hidden-sm&#8221;][mk_padding_divider size=&#8221;100&#8243;][mk_fancy_title tag_name=&#8221;h1&#8243; color=&#8221;#ffffff&#8221; size=&#8221;56&#8243; force_font_size=&#8221;true&#8221; size_smallscreen=&#8221;46&#8243; size_tablet=&#8221;38&#8243; size_phone=&#8221;28&#8243; line_height=&#8221;95&#8243; font_weight=&#8221;bold&#8221; txt_transform=&#8221;uppercase&#8221; margin_bottom=&#8221;0&#8243; font_family=&#8221;Poppins&#8221; font_type=&#8221;google&#8221;]Publications in medias[\/mk_fancy_title][mk_fancy_title tag_name=&#8221;h5&#8243; color=&#8221;#ffffff&#8221; size=&#8221;20&#8243; font_weight=&#8221;400&#8243; txt_transform=&#8221;none&#8221; margin_bottom=&#8221;0&#8243; font_family=&#8221;Poppins&#8221; font_type=&#8221;google&#8221;]Read our latest articles[\/mk_fancy_title][\/vc_column][vc_column width=&#8221;1\/2&#8243;][\/vc_column][\/mk_page_section][vc_row][vc_column][mk_padding_divider size=&#8221;120&#8243;][\/vc_column][\/vc_row][vc_row][vc_column][vc_column_text disable_pattern=&#8221;false&#8221; css=&#8221;.vc_custom_1652282800646{margin-bottom: 0px !important;}&#8221;]\n<div style=\"font-color: #666666; font-size: 20px; line-height: 33px; margin-bottom: 20px;\">Our Scientific Director, Dr. Sylvain Charlebois, also known as The Food Professor, is a columnist and is frequently published by a multitude of medias cross-country and internationally.<\/div>\n<p>He strives to enlighten people regarding the most current food trends in every area of the food chain by offering insightful and accessible analysis.<\/p>\n<p><strong>The Food Professor Podcast<\/strong> (click<em><strong> <a href=\"https:\/\/www.dal.ca\/sites\/agri-food\/the-food-professor-podcast.html\">here<\/a><\/strong><\/em>)\u00a0: Join Dr. Sylvain Charlebois with host Michael LeBlanc from The Voice of Retail podcast as they look at the hot issues in the food, foodservice, grocery and restaurant industries. We&#8217;ll discuss proprietary industry and consumer food related research, check out fresh new ideas and talk about half baked strategies.<\/p>\n<p>Here are some of his latest articles and analysis:[\/vc_column_text][\/vc_column][\/vc_row][vc_row][vc_column][mk_padding_divider size=&#8221;30&#8243;][vc_column_text align=&#8221;center&#8221; css=&#8221;.vc_custom_1557335821280{margin-bottom: 0px !important;}&#8221;]\n<h2>Recent articles and analysis<\/h2>\n[\/vc_column_text][mk_portfolio height=&#8221;0&#8243; meta_type=&#8221;date&#8221; zoom_icon=&#8221;false&#8221; count=&#8221;6&#8243; sortable=&#8221;false&#8221; sortable_all_text=&#8221;Tous&#8221; pagination=&#8221;false&#8221; target=&#8221;_blank&#8221;][mk_padding_divider size=&#8221;90&#8243;][vc_column_text align=&#8221;center&#8221; css=&#8221;.vc_custom_1547477207733{margin-bottom: 0px !important;}&#8221;]\n<h3>Articles archive<\/h3>\n[\/vc_column_text][mk_portfolio height=&#8221;0&#8243; meta_type=&#8221;date&#8221; zoom_icon=&#8221;false&#8221; count=&#8221;6&#8243; sortable_align=&#8221;center&#8221; offset=&#8221;6&#8243; pagination=&#8221;false&#8221; target=&#8221;_blank&#8221;][mk_padding_divider size=&#8221;120&#8243;][\/vc_column][\/vc_row][vc_row fullwidth=&#8221;true&#8221; fullwidth_content=&#8221;false&#8221; css=&#8221;.vc_custom_1544191043740{padding-top: 90px !important;padding-bottom: 90px !important;background-color: #000000 !important;}&#8221;][vc_column width=&#8221;2\/3&#8243;][vc_column_text css=&#8221;.vc_custom_1547835567125{margin-bottom: 0px !important;}&#8221;]\n<h2 style=\"color: #a6ce39;\">You\u2019re interested in reading a selection of some of his French written texts?<\/h2>\n<p><a style=\"color: #fff;\" href=\"\/medias\/\">Please click here<\/a>[\/vc_column_text][\/vc_column][vc_column width=&#8221;1\/3&#8243;][vc_column_text css=&#8221;.vc_custom_1547835638098{margin-bottom: 0px !important;}&#8221;]\n<h5 style=\"color: #a6ce39;\">Some extra links showcasing his analysis<\/h5>\n<p><a style=\"color: #fff;\" href=\"https:\/\/twitter.com\/scharleb?lang=fr\" target=\"_blank\" rel=\"noopener noreferrer\">The Food Professor<\/a><br \/>\n<a style=\"color: #fff;\" href=\"http:\/\/www.canadiangrocer.com\" target=\"_blank\" rel=\"noopener noreferrer\">Canadian Grocer\u2019s blog<\/a>[\/vc_column_text][\/vc_column][\/vc_row]\n<\/div>","protected":false},"excerpt":{"rendered":"<p>[mk_page_section bg_image=&#8221;https:\/\/cafi-icpa.ca\/wp-content\/uploads\/dsc_4652-opt.jpg&#8221; bg_color=&#8221;rgba(123,123,123,0.48)&#8221; blend_mode=&#8221;multiply&#8221; bg_repeat=&#8221;no-repeat&#8221; bg_stretch=&#8221;true&#8221; video_opacity=&#8221;0&#8243; js_vertical_centered=&#8221;true&#8221; padding_top=&#8221;0&#8243; padding_bottom=&#8221;140&#8243; sidebar=&#8221;sidebar-1&#8243;][vc_column width=&#8221;1\/2&#8243;][mk_padding_divider size=&#8221;60&#8243; visibility=&#8221;hidden-sm&#8221;][mk_padding_divider size=&#8221;100&#8243;][mk_fancy_title tag_name=&#8221;h1&#8243; color=&#8221;#ffffff&#8221; size=&#8221;56&#8243; force_font_size=&#8221;true&#8221; size_smallscreen=&#8221;46&#8243; size_tablet=&#8221;38&#8243; size_phone=&#8221;28&#8243; line_height=&#8221;95&#8243; font_weight=&#8221;bold&#8221; txt_transform=&#8221;uppercase&#8221; margin_bottom=&#8221;0&#8243; font_family=&#8221;Poppins&#8221; font_type=&#8221;google&#8221;]Publications in medias[\/mk_fancy_title][mk_fancy_title tag_name=&#8221;h5&#8243; color=&#8221;#ffffff&#8221; size=&#8221;20&#8243; font_weight=&#8221;400&#8243; txt_transform=&#8221;none&#8221; margin_bottom=&#8221;0&#8243; font_family=&#8221;Poppins&#8221; font_type=&#8221;google&#8221;]Read our latest articles[\/mk_fancy_title][\/vc_column][vc_column width=&#8221;1\/2&#8243;][\/vc_column][\/mk_page_section][vc_row][vc_column][mk_padding_divider size=&#8221;120&#8243;][\/vc_column][\/vc_row][vc_row][vc_column][vc_column_text disable_pattern=&#8221;false&#8221; css=&#8221;.vc_custom_1652282800646{margin-bottom: 0px !important;}&#8221;] Our Scientific Director, Dr. Sylvain Charlebois, also known [&hellip;]<\/p>\n","protected":false},"author":26,"featured_media":0,"parent":0,"menu_order":0,"comment_status":"closed","ping_status":"closed","template":"","meta":{"rs_blank_template":"","rs_page_bg_color":"","slide_template_v7":"","footnotes":""},"class_list":["post-5158","page","type-page","status-publish","hentry"],"yoast_head":"<!-- This site is optimized with the Yoast SEO plugin v27.4 - https:\/\/yoast.com\/product\/yoast-seo-wordpress\/ -->\n<title>Articles et Analyses des Pratiques Agroalimentaires | IPCA<\/title>\n<meta name=\"description\" content=\"Tendances du march\u00e9, services alimentaires, politiques et \u00e9conomie, gestion de l&#039;offre et technologie, voyez une analyse du secteur agroalimentaire gr\u00e2ce \u00e0 nos articles.\" \/>\n<meta name=\"robots\" content=\"index, follow, max-snippet:-1, max-image-preview:large, max-video-preview:-1\" \/>\n<link rel=\"canonical\" href=\"https:\/\/cafi-icpa.ca\/medias\/\" \/>\n<meta property=\"og:locale\" content=\"en_US\" \/>\n<meta property=\"og:type\" content=\"article\" \/>\n<meta property=\"og:title\" content=\"Articles et Analyses des Pratiques Agroalimentaires | IPCA\" \/>\n<meta property=\"og:description\" content=\"Tendances du march\u00e9, services alimentaires, politiques et \u00e9conomie, gestion de l&#039;offre et technologie, voyez une analyse du secteur agroalimentaire gr\u00e2ce \u00e0 nos articles.\" \/>\n<meta property=\"og:url\" content=\"https:\/\/cafi-icpa.ca\/medias\/\" \/>\n<meta property=\"og:site_name\" content=\"Institut canadien de prospective agroalimentaire\" \/>\n<meta property=\"article:modified_time\" content=\"2022-05-11T15:26:45+00:00\" \/>\n<meta name=\"twitter:card\" content=\"summary_large_image\" \/>\n<meta name=\"twitter:label1\" content=\"Est. reading time\" \/>\n\t<meta name=\"twitter:data1\" content=\"2 minutes\" \/>\n<script type=\"application\/ld+json\" class=\"yoast-schema-graph\">{\"@context\":\"https:\\\/\\\/schema.org\",\"@graph\":[{\"@type\":\"WebPage\",\"@id\":\"https:\\\/\\\/cafi-icpa.ca\\\/medias\\\/\",\"url\":\"https:\\\/\\\/cafi-icpa.ca\\\/medias\\\/\",\"name\":\"Articles et Analyses des Pratiques Agroalimentaires | IPCA\",\"isPartOf\":{\"@id\":\"https:\\\/\\\/cafi-icpa.ca\\\/#website\"},\"datePublished\":\"2018-12-07T13:37:04+00:00\",\"dateModified\":\"2022-05-11T15:26:45+00:00\",\"description\":\"Tendances du march\u00e9, services alimentaires, politiques et \u00e9conomie, gestion de l'offre et technologie, voyez une analyse du secteur agroalimentaire gr\u00e2ce \u00e0 nos articles.\",\"breadcrumb\":{\"@id\":\"https:\\\/\\\/cafi-icpa.ca\\\/medias\\\/#breadcrumb\"},\"inLanguage\":\"en-CA\",\"potentialAction\":[{\"@type\":\"ReadAction\",\"target\":[\"https:\\\/\\\/cafi-icpa.ca\\\/medias\\\/\"]}]},{\"@type\":\"BreadcrumbList\",\"@id\":\"https:\\\/\\\/cafi-icpa.ca\\\/medias\\\/#breadcrumb\",\"itemListElement\":[{\"@type\":\"ListItem\",\"position\":1,\"name\":\"Home\",\"item\":\"https:\\\/\\\/cafi-icpa.ca\\\/en\\\/\"},{\"@type\":\"ListItem\",\"position\":2,\"name\":\"Media\"}]},{\"@type\":\"WebSite\",\"@id\":\"https:\\\/\\\/cafi-icpa.ca\\\/#website\",\"url\":\"https:\\\/\\\/cafi-icpa.ca\\\/\",\"name\":\"Institut canadien de prospective agroalimentaire\",\"description\":\"\",\"potentialAction\":[{\"@type\":\"SearchAction\",\"target\":{\"@type\":\"EntryPoint\",\"urlTemplate\":\"https:\\\/\\\/cafi-icpa.ca\\\/?s={search_term_string}\"},\"query-input\":{\"@type\":\"PropertyValueSpecification\",\"valueRequired\":true,\"valueName\":\"search_term_string\"}}],\"inLanguage\":\"en-CA\"}]}<\/script>\n<!-- \/ Yoast SEO plugin. -->","yoast_head_json":{"title":"Articles et Analyses des Pratiques Agroalimentaires | IPCA","description":"Tendances du march\u00e9, services alimentaires, politiques et \u00e9conomie, gestion de l'offre et technologie, voyez une analyse du secteur agroalimentaire gr\u00e2ce \u00e0 nos articles.","robots":{"index":"index","follow":"follow","max-snippet":"max-snippet:-1","max-image-preview":"max-image-preview:large","max-video-preview":"max-video-preview:-1"},"canonical":"https:\/\/cafi-icpa.ca\/medias\/","og_locale":"en_US","og_type":"article","og_title":"Articles et Analyses des Pratiques Agroalimentaires | IPCA","og_description":"Tendances du march\u00e9, services alimentaires, politiques et \u00e9conomie, gestion de l'offre et technologie, voyez une analyse du secteur agroalimentaire gr\u00e2ce \u00e0 nos articles.","og_url":"https:\/\/cafi-icpa.ca\/medias\/","og_site_name":"Institut canadien de prospective agroalimentaire","article_modified_time":"2022-05-11T15:26:45+00:00","twitter_card":"summary_large_image","twitter_misc":{"Est. reading time":"2 minutes"},"schema":{"@context":"https:\/\/schema.org","@graph":[{"@type":"WebPage","@id":"https:\/\/cafi-icpa.ca\/medias\/","url":"https:\/\/cafi-icpa.ca\/medias\/","name":"Articles et Analyses des Pratiques Agroalimentaires | IPCA","isPartOf":{"@id":"https:\/\/cafi-icpa.ca\/#website"},"datePublished":"2018-12-07T13:37:04+00:00","dateModified":"2022-05-11T15:26:45+00:00","description":"Tendances du march\u00e9, services alimentaires, politiques et \u00e9conomie, gestion de l'offre et technologie, voyez une analyse du secteur agroalimentaire gr\u00e2ce \u00e0 nos articles.","breadcrumb":{"@id":"https:\/\/cafi-icpa.ca\/medias\/#breadcrumb"},"inLanguage":"en-CA","potentialAction":[{"@type":"ReadAction","target":["https:\/\/cafi-icpa.ca\/medias\/"]}]},{"@type":"BreadcrumbList","@id":"https:\/\/cafi-icpa.ca\/medias\/#breadcrumb","itemListElement":[{"@type":"ListItem","position":1,"name":"Home","item":"https:\/\/cafi-icpa.ca\/en\/"},{"@type":"ListItem","position":2,"name":"Media"}]},{"@type":"WebSite","@id":"https:\/\/cafi-icpa.ca\/#website","url":"https:\/\/cafi-icpa.ca\/","name":"Institut canadien de prospective agroalimentaire","description":"","potentialAction":[{"@type":"SearchAction","target":{"@type":"EntryPoint","urlTemplate":"https:\/\/cafi-icpa.ca\/?s={search_term_string}"},"query-input":{"@type":"PropertyValueSpecification","valueRequired":true,"valueName":"search_term_string"}}],"inLanguage":"en-CA"}]}},"_links":{"self":[{"href":"https:\/\/cafi-icpa.ca\/en\/wp-json\/wp\/v2\/pages\/5158","targetHints":{"allow":["GET"]}}],"collection":[{"href":"https:\/\/cafi-icpa.ca\/en\/wp-json\/wp\/v2\/pages"}],"about":[{"href":"https:\/\/cafi-icpa.ca\/en\/wp-json\/wp\/v2\/types\/page"}],"author":[{"embeddable":true,"href":"https:\/\/cafi-icpa.ca\/en\/wp-json\/wp\/v2\/users\/26"}],"replies":[{"embeddable":true,"href":"https:\/\/cafi-icpa.ca\/en\/wp-json\/wp\/v2\/comments?post=5158"}],"version-history":[{"count":12,"href":"https:\/\/cafi-icpa.ca\/en\/wp-json\/wp\/v2\/pages\/5158\/revisions"}],"predecessor-version":[{"id":6776,"href":"https:\/\/cafi-icpa.ca\/en\/wp-json\/wp\/v2\/pages\/5158\/revisions\/6776"}],"wp:attachment":[{"href":"https:\/\/cafi-icpa.ca\/en\/wp-json\/wp\/v2\/media?parent=5158"}],"curies":[{"name":"wp","href":"https:\/\/api.w.org\/{rel}","templated":true}]}}